{"id":879,"date":"2021-05-19T14:37:30","date_gmt":"2021-05-19T14:37:30","guid":{"rendered":"https:\/\/visitalessandria.it\/privacy\/"},"modified":"2021-12-09T09:35:06","modified_gmt":"2021-12-09T09:35:06","slug":"privacy","status":"publish","type":"page","link":"https:\/\/visitalessandria.it\/fr\/privacy\/","title":{"rendered":"Privacy"},"content":{"rendered":"<h1 class=\"viewTitolo viewTitolo1\">Informativa sulla Privacy<\/h1>\n<div class=\"viewPar BLOBAlignLeft\">\n<p>Di seguito sono descritte le modalit\u00e0 di gestione del sito con riferimento al trattamento dei dati personali degli utenti e visitatori che lo consultano. Si tratta di un\u2019informativa resa, anche ai sensi dell\u2019art. 13 del D.Lgs. 196\/2003 \u201cCodice in materia di protezione dei dati personali\u201d (Codice), e dell\u2019art. 13 del Regolamento (UE) 2016\/679 \u201cRegolamento Generale sulla Protezione dei dati\u201d (GDPR) a coloro che interagiscono solo con il sito del Comune di Alessandria e non con altri siti web consultabili tramite link.<\/p>\n<\/div>\n<h2 class=\"viewSottotitolo viewTitolo2\">Titolare del trattamento e Responsabile della Protezione dei Dati<\/h2>\n<div class=\"viewPar BLOBAlignLeft\">\n<p>Il Titolare del trattamento di dati personali \u00e8 il Comune di Alessandria con sede in Piazza della Libert\u00e0, 1 (AL) nella persona del suo Legale Rappresentante il Sindaco pro tempore e quale Delegato del Titolare del trattamento dei dati personali l\u2019Assessore Silvia Straneo designata con Deliberazione G.C. n. 91 del 18\/04\/2018 (\u00a0<a href=\"mailto:comunedialessandria@legalmail.it\">comunedialessandria@legalmail.it<\/a>\u00a0).<br \/>\nIl Responsabile della Protezione dei dati (RPD), Dott. Daniele Delfino, designato con decreto del Sindaco n. 24 del 24\/05\/2018, \u00a0pu\u00f2 essere contattato via e-mail all\u2019indirizzo pec\u00a0<a href=\"mailto:dpo@comunedialessandria.it\">dpo@comunedialessandria.it<\/a>, o scrivendo all\u2019indirizzo postale:<br \/>\nResponsabile Protezione Dati<br \/>\npresso Settore Sistemi Informativi ed E-government<br \/>\nPiazza della Libert\u00e0, 1<br \/>\n15121 Alessandria<\/p>\n<\/div>\n<h2 class=\"viewSottotitolo viewTitolo2\">Modalit\u00e0 del trattamento<\/h2>\n<div class=\"viewPar BLOBAlignLeft\">\n<p>Il trattamento dei dati personali degli utenti ovvero delle persone fisiche identificate o identificabili che accedono ai siti (in qualit\u00e0 di \u201cinteressati\u201d) corrisponde a quello definito all\u2019art. 4 del Codice e all\u2019art. 4 del GDPR ed \u00e8 effettuato da soggetti incaricati del trattamento ai sensi dell\u2019art. 11 del Codice e debitamente istruiti e autorizzati in tal senso in conformit\u00e0 a quanto stabilito dall\u2019art. 29 del GDPR,\u00a0 per mezzo di strumenti automatizzati e informatici.<br \/>\nIl Comune di Alessandria adotta specifiche misure di sicurezza adeguate al rischio di varia probabilit\u00e0 e gravit\u00e0 per i diritti e le libert\u00e0 delle persone fisiche, per prevenire la perdita dei dati, gli usi illeciti o non corretti ed accessi non autorizzati e per ridurre al minimo i rischi afferenti la riservatezza, la disponibilit\u00e0 e l\u2019integrit\u00e0 dei dati personali raccolti e trattati.<br \/>\n<strong class=\"userFormat1\"><br \/>\n<\/strong><\/p>\n<\/div>\n<h2 class=\"viewSottotitolo viewTitolo2\">Finalit\u00e0 del trattamento<\/h2>\n<div class=\"viewPar BLOBAlignLeft\">\n<p>I dati personali sono trattati per le finalit\u00e0 strettamente connesse e necessarie all\u2019accesso e alla consultazione del sito del Comune di Alessandria e perseguite dal Titolare quale suo legittimo interesse, e sono conservati per un tempo non superiore a quanto necessario allo scopo per il quale sono stati raccolti.<\/p>\n<\/div>\n<h2 class=\"viewSottotitolo viewTitolo2\">Comunicazione e diffusione dei dati<\/h2>\n<div class=\"viewPar BLOBAlignLeft\">\n<p>I dati degli utenti e visitatori del sito trattati dal Comune di Alessandria sono utilizzati\u00a0esclusivamente per attivit\u00e0 strettamente connesse e strumentali all\u2019operativit\u00e0 del sito.<br \/>\nNon sono trasferiti in un Paese terzo Extra europeo n\u00e9 saranno in alcun modo oggetto di processi decisionali automatizzati compresa la profilazione.<\/p>\n<\/div>\n<h2 class=\"viewSottotitolo viewTitolo2\">Tipologia di dati trattati<\/h2>\n<ul class=\"viewUL BLOBListSymbolDisc\">\n<li class=\"viewLI BLOBAlignLeft\">Dati forniti volontariamente dall\u2019utenteL\u2019invio volontario ed esplicito di dati personali agli indirizzi di posta indicati nei differenti canali di accesso di questo sito comporta la successiva acquisizione dei dati dell\u2019utente necessari per rispondere alle istanze prodotte e\/o erogare il servizio richiesto. \u00a0In tal caso i dati acquisiti saranno trattati esclusivamente per tale finalit\u00e0 di rispondere alle richieste degli utenti, in merito ad esempio, all\u2019utilizzo di un servizio,\u00a0 problemi di connessione al sito, problemi di navigazione al sito o problemi di accesso ai servizi offerti dal sito. Al fine di contestualizzare meglio la domanda gli utenti potranno essere contattati via email, al telefono o mediante altri sistemi di comunicazione da un operatore incaricato dall\u2019Amministrazione. Il mancato conferimento dei dati (es. dati anagrafici, indirizzo e-mail, o numero telefonico) necessari a rendere il servizio pu\u00f2 comportare l\u2019impossibilit\u00e0 di ottenere quanto richiesto. Le ulteriori informazioni relative al trattamento dei dati dell\u2019utente rispetto agli eventuali servizi richiesti sono riportate o visualizzate nelle specifiche pagine del sito predisposte per tali servizi.<\/li>\n<li class=\"viewLI BLOBAlignLeft\">Dati di navigazione La mera navigazione del sito non richiede il conferimento di dati personali, fatto salvo dati di sessione raccolti automaticamente e di seguito descritti. I sistemi informatici e gli applicativi dedicati al funzionamento del sito rilevano, infatti, nel corso della navigazione, alcuni dati di sessione (anonimi) la cui trasmissione \u00e8 implicita nell\u2019uso dei protocolli di comunicazione di Internet. Si tratta di dati che non sono raccolti per identificare gli utenti, ma che per loro stessa natura potrebbero, attraverso elaborazioni ed associazioni con dati detenuti da terzi, permettere di identificarli. In questa categoria di dati rientrano gli indirizzi IP o i nomi di dominio dei dispositivi utilizzati dagli utenti che si connettono al sito, gli indirizzi in notazione URI (Uniform Resource Identifier) delle risorse richieste, l\u2019orario della richiesta, il metodo utilizzato nel sottoporre la richiesta al server, la dimensione del file ottenuto in risposta, il codice numerico indicante lo stato della risposta data dal server (buon fine, errore, ecc.) ed altri parametri relativi al sistema operativo e all\u2019ambiente informatico dell\u2019utente. Questi dati vengono utilizzati al solo fine di ricavare informazioni statistiche\u00a0<em class=\"userFormat2\">anonime<\/em>\u00a0sull\u2019uso del Sito e potrebbero essere utilizzati, dietro richiesta delle competenti Autorit\u00e0, esclusivamente per indagine o accertamento di responsabilit\u00e0 in sede giudiziaria, nel rispetto della normativa vigente: salva questa eventualit\u00e0, i dati sui contatti web non persistono per pi\u00f9 di trenta giorni.<\/li>\n<\/ul>\n<h2 class=\"viewSottotitolo viewTitolo2\">Utilizzo dei cookies<\/h2>\n<div class=\"viewPar BLOBAlignLeft\">\n<p>I cookie sono piccoli file di testo che il server web deposita sul dispositivo con cui l\u2019utente naviga, senza identificarlo. Un cookie non pu\u00f2 leggere dati personali salvati sul disco fisso o file di cookie creati da altri siti, poich\u00e9 le sole informazioni che pu\u00f2 contenere sono quelle fornite dall\u2019utente stesso. Le pagine di questo sito fanno uso di cookie secondo le modalit\u00e0 descritte di seguito.<\/p>\n<\/div>\n<ul class=\"viewUL BLOBListSymbolDisc\">\n<li class=\"viewLI BLOBAlignLeft\">Cookies tecnici Questo sito fa uso di cookies tecnici, che non vengono memorizzati in modo persistente sul computer dell\u2019utente e sono necessari per consentire l\u2019esplorazione sicura ed efficiente del sito. I cookies tecnici utilizzati vengono utilizzati per gestire la visualizzazione della cookie bar e nel sistema di sicurezza del sito.<\/li>\n<li class=\"viewLI BLOBAlignLeft\">Cookies analytics Al fine di facilitare la navigazione nel sito e il modo in cui i visitatori ci arrivano, il sito utilizza Google Analytics, un servizio di analisi web fornito da Google, che aderisce ai principi sulla privacy stabiliti dal governo degli Stati Uniti (US Safe Harbor Privacy Principles), alla cui Privacy-Policy si fa rinvio. Per analizzare i punti di maggiore interesse dei siti visitati dall\u2019utente, Google Analytics utilizza i cookies a scopi statistici e raccoglie informazioni in sola forma aggregata, senza associare l\u2019indirizzo IP di navigazione dell\u2019utente a nessun altro dato posseduto da Google stessa.<\/li>\n<li class=\"viewLI BLOBAlignLeft\">Il sito non utilizza cookies di profilazione.<\/li>\n<\/ul>\n<p><strong><a class=\"external-link\" title=\"This link will lead you to google.com\" href=\"https:\/\/www.google.com\/intl\/it\/policies\/privacy\/\" target=\"\" rel=\"noopener\">Google Analytics<\/a>\u00a0<\/strong>privacy policy cookie<br \/>\n<a class=\"external-link\" title=\"This link will lead you to addthis.com\" href=\"https:\/\/www.addthis.com\/privacy\/privacy-policy\" target=\"\" rel=\"noopener\"><strong>AddThis<\/strong><\/a>\u00a0privacy policy cookie<br \/>\n<a class=\"external-link\" title=\"This link will lead you to it-it.facebook.com\" href=\"https:\/\/it-it.facebook.com\/help\/cookies\/?ref=sitefooter\" target=\"\" rel=\"noopener\"><strong>Facebook<\/strong><\/a> privacy policy cookie<br \/>\n<a class=\"external-link\" title=\"This link will lead you to google.it\" href=\"https:\/\/www.google.it\/intl\/it\/policies\/privacy\/\" target=\"\" rel=\"noopener\"><strong>Youtube<\/strong><\/a>\u00a0privacy policy cookie<br \/>\n<a class=\"external-link\" title=\"This link will lead you to facebook.com\" href=\"https:\/\/www.facebook.com\/help\/cookies\" target=\"\" rel=\"noopener\"><strong>Facebook Connect<\/strong><\/a>\u00a0privacy policy cookie<br \/>\n<a class=\"external-link\" title=\"This link will lead you to facebook.com\" href=\"https:\/\/www.facebook.com\/help\/cookies\/\" target=\"\" rel=\"noopener\"><strong>Facebook Pixel<\/strong><\/a>\u00a0privacy policy cookie<strong><br \/>\n<\/strong><a class=\"external-link\" title=\"This link will lead you to google.it\" href=\"https:\/\/www.google.it\/intl\/it\/policies\/privacy\" target=\"\" rel=\"noopener\"><strong>Google<\/strong>\u00a0<strong>Adwords<\/strong><\/a>\u00a0privacy policy cookie<br \/>\n<span style=\"font-size: small;\"><a href=\"https:\/\/www.verizonmedia.com\/policies\/ie\/it\/verizonmedia\/privacy\/topics\/analytics\/index.html\">Verizonmedia<\/a> privacy policy cookie <\/span><\/p>\n<p><strong>\u00a0<\/strong><\/p>\n<div class=\"viewPar BLOBAlignLeft\">\n<p>La navigazione su questo sito comporta l\u2019accettazione delle condizioni d\u2019uso, comprese le funzionalit\u00e0 legate ai cookies che possono essere disabilitati utilizzando le opzioni specifiche presenti nei vari tipi di browser. Salvo quanto sopra indicato, questo sito web non fa uso di altri cookie per la trasmissione di informazioni di carattere personale e non utilizza altri sistemi per il tracciamento degli utenti.<\/p>\n<\/div>\n<h2 class=\"viewSottotitolo viewTitolo2\">Come disabilitare i cookies (opt-out)<\/h2>\n<div class=\"viewPar BLOBAlignLeft\">\n<p>La maggior parte dei browser accettano i cookies automaticamente, ma \u00e8 possibile rifiutarli. Se non si desidera ricevere o memorizzare i cookies, si possono modificare le impostazioni di sicurezza del browser (Internet Explorer, Google Chrome, Mozilla Firefox, Safari Opera, ecc\u2026). Ciascun browser presenta procedure diverse per la gestione delle impostazioni.<br \/>\nNormalmente \u00e8 necessario accedere alla sezione \u201copzioni\/impostazioni\/preferenze avanzate\u201d del browser e qui accedere a una sezione intitolata \u201cPrivacy\/Sicurezza\/Dati\u201d. A seconda del browser, \u00e8 possibile bloccare tutti i cookies, scegliere di bloccare solo quelli delle terze parti, oppure ancora far s\u00ec che i cookies vengano cancellati alla chiusura del browser.<\/p>\n<\/div>\n<h2 class=\"viewSottotitolo viewTitolo2\">Diritti degli interessati<\/h2>\n<div class=\"viewPar BLOBAlignLeft\">\n<p>Gli utenti interessati, ovvero le persone fisiche cui si riferiscono i dati personali, hanno il diritto, in qualunque momento, di ottenere la conferma dell\u2019esistenza o meno dei medesimi dati e di conoscerne il contenuto e l\u2019origine, verificarne l\u2019esattezza o chiederne l\u2019integrazione o l\u2019aggiornamento, oppure la rettifica ai sensi dell\u2019art. 7 del Codice. Gli interessati hanno inoltre il diritto di chiedere la cancellazione, la trasformazione in forma anonima o il blocco dei dati trattati in violazione di legge, nonch\u00e9 di opporsi, in tutto o in parte, per motivi legittimi al loro trattamento, ma anche il diritto di limitazione e di portabilit\u00e0 dei dati nonch\u00e8 di proporre reclamo all\u2019Autorit\u00e0 di Controllo in conformit\u00e0 agli artt. da 15 a 22 del GDPR .<br \/>\nPer qualunque informazione in merito al trattamento dei dati, nonch\u00e9 per l\u2019esercizio dei diritti sopraelencati, l\u2019utente pu\u00f2 contattare il Titolare o il Responsabile per la Protezione dei dati, ai dati di contatto sopraindicati.<\/p>\n<\/div>\n<h2 class=\"viewSottotitolo viewTitolo2\">Modifiche alla presente informativa sulla privacy<\/h2>\n<div class=\"viewPar BLOBAlignLeft\">\n<p>Questo documento \u00e8 aggiornato a dicembre 2021.<br \/>\nIl Comune di Alessandria si riserva il diritto di aggiornare la presente informativa in qualsiasi momento; l\u2019utente si impegna a visitare periodicamente la presente sezione al fine di prendere visione delle eventuali modifiche apportate.<\/p>\n<\/div>\n","protected":false},"excerpt":{"rendered":"<p>Informativa sulla Privacy Di seguito sono descritte le modalit\u00e0 di gestione del sito con riferimento al trattamento dei dati personali degli utenti e visitatori che lo consultano. Si tratta di un\u2019informativa resa, anche ai sensi dell\u2019art. 13 del D.Lgs. 196\/2003 \u201cCodice in materia di protezione dei dati personali\u201d (Codice), e dell\u2019art. 13 del Regolamento (UE) [&hellip;]<\/p>\n","protected":false},"author":1,"featured_media":0,"parent":0,"menu_order":0,"comment_status":"closed","ping_status":"closed","template":"","meta":{"_et_pb_use_builder":"","_et_pb_old_content":"","_et_gb_content_width":"","footnotes":""},"class_list":["post-879","page","type-page","status-publish","hentry"],"yoast_head":"<!-- This site is optimized with the Yoast SEO plugin v27.2 - https:\/\/yoast.com\/product\/yoast-seo-wordpress\/ -->\n<title>Privacy - Alessandria<\/title>\n<meta name=\"robots\" content=\"index, follow, max-snippet:-1, max-image-preview:large, max-video-preview:-1\" \/>\n<link rel=\"canonical\" href=\"https:\/\/visitalessandria.it\/fr\/privacy\/\" \/>\n<meta property=\"og:locale\" content=\"fr_FR\" \/>\n<meta property=\"og:type\" content=\"article\" \/>\n<meta property=\"og:title\" content=\"Privacy - Alessandria\" \/>\n<meta property=\"og:description\" content=\"Informativa sulla Privacy Di seguito sono descritte le modalit\u00e0 di gestione del sito con riferimento al trattamento dei dati personali degli utenti e visitatori che lo consultano. Si tratta di un\u2019informativa resa, anche ai sensi dell\u2019art. 13 del D.Lgs. 196\/2003 \u201cCodice in materia di protezione dei dati personali\u201d (Codice), e dell\u2019art. 13 del Regolamento (UE) [&hellip;]\" \/>\n<meta property=\"og:url\" content=\"https:\/\/visitalessandria.it\/fr\/privacy\/\" \/>\n<meta property=\"og:site_name\" content=\"Alessandria\" \/>\n<meta property=\"article:modified_time\" content=\"2021-12-09T09:35:06+00:00\" \/>\n<meta name=\"twitter:card\" content=\"summary_large_image\" \/>\n<meta name=\"twitter:label1\" content=\"Dur\u00e9e de lecture estim\u00e9e\" \/>\n\t<meta name=\"twitter:data1\" content=\"7 minutes\" \/>\n<script type=\"application\/ld+json\" class=\"yoast-schema-graph\">{\"@context\":\"https:\/\/schema.org\",\"@graph\":[{\"@type\":\"WebPage\",\"@id\":\"https:\/\/visitalessandria.it\/fr\/privacy\/\",\"url\":\"https:\/\/visitalessandria.it\/fr\/privacy\/\",\"name\":\"Privacy - Alessandria\",\"isPartOf\":{\"@id\":\"https:\/\/visitalessandria.it\/#website\"},\"datePublished\":\"2021-05-19T14:37:30+00:00\",\"dateModified\":\"2021-12-09T09:35:06+00:00\",\"breadcrumb\":{\"@id\":\"https:\/\/visitalessandria.it\/fr\/privacy\/#breadcrumb\"},\"inLanguage\":\"fr-FR\",\"potentialAction\":[{\"@type\":\"ReadAction\",\"target\":[\"https:\/\/visitalessandria.it\/fr\/privacy\/\"]}]},{\"@type\":\"BreadcrumbList\",\"@id\":\"https:\/\/visitalessandria.it\/fr\/privacy\/#breadcrumb\",\"itemListElement\":[{\"@type\":\"ListItem\",\"position\":1,\"name\":\"Home\",\"item\":\"https:\/\/visitalessandria.it\/fr\/\"},{\"@type\":\"ListItem\",\"position\":2,\"name\":\"Privacy\"}]},{\"@type\":\"WebSite\",\"@id\":\"https:\/\/visitalessandria.it\/#website\",\"url\":\"https:\/\/visitalessandria.it\/\",\"name\":\"Alessandria\",\"description\":\"Storia, Cultura e Bellezza\",\"potentialAction\":[{\"@type\":\"SearchAction\",\"target\":{\"@type\":\"EntryPoint\",\"urlTemplate\":\"https:\/\/visitalessandria.it\/?s={search_term_string}\"},\"query-input\":{\"@type\":\"PropertyValueSpecification\",\"valueRequired\":true,\"valueName\":\"search_term_string\"}}],\"inLanguage\":\"fr-FR\"}]}<\/script>\n<!-- \/ Yoast SEO plugin. -->","yoast_head_json":{"title":"Privacy - Alessandria","robots":{"index":"index","follow":"follow","max-snippet":"max-snippet:-1","max-image-preview":"max-image-preview:large","max-video-preview":"max-video-preview:-1"},"canonical":"https:\/\/visitalessandria.it\/fr\/privacy\/","og_locale":"fr_FR","og_type":"article","og_title":"Privacy - Alessandria","og_description":"Informativa sulla Privacy Di seguito sono descritte le modalit\u00e0 di gestione del sito con riferimento al trattamento dei dati personali degli utenti e visitatori che lo consultano. Si tratta di un\u2019informativa resa, anche ai sensi dell\u2019art. 13 del D.Lgs. 196\/2003 \u201cCodice in materia di protezione dei dati personali\u201d (Codice), e dell\u2019art. 13 del Regolamento (UE) [&hellip;]","og_url":"https:\/\/visitalessandria.it\/fr\/privacy\/","og_site_name":"Alessandria","article_modified_time":"2021-12-09T09:35:06+00:00","twitter_card":"summary_large_image","twitter_misc":{"Dur\u00e9e de lecture estim\u00e9e":"7 minutes"},"schema":{"@context":"https:\/\/schema.org","@graph":[{"@type":"WebPage","@id":"https:\/\/visitalessandria.it\/fr\/privacy\/","url":"https:\/\/visitalessandria.it\/fr\/privacy\/","name":"Privacy - Alessandria","isPartOf":{"@id":"https:\/\/visitalessandria.it\/#website"},"datePublished":"2021-05-19T14:37:30+00:00","dateModified":"2021-12-09T09:35:06+00:00","breadcrumb":{"@id":"https:\/\/visitalessandria.it\/fr\/privacy\/#breadcrumb"},"inLanguage":"fr-FR","potentialAction":[{"@type":"ReadAction","target":["https:\/\/visitalessandria.it\/fr\/privacy\/"]}]},{"@type":"BreadcrumbList","@id":"https:\/\/visitalessandria.it\/fr\/privacy\/#breadcrumb","itemListElement":[{"@type":"ListItem","position":1,"name":"Home","item":"https:\/\/visitalessandria.it\/fr\/"},{"@type":"ListItem","position":2,"name":"Privacy"}]},{"@type":"WebSite","@id":"https:\/\/visitalessandria.it\/#website","url":"https:\/\/visitalessandria.it\/","name":"Alessandria","description":"Storia, Cultura e Bellezza","potentialAction":[{"@type":"SearchAction","target":{"@type":"EntryPoint","urlTemplate":"https:\/\/visitalessandria.it\/?s={search_term_string}"},"query-input":{"@type":"PropertyValueSpecification","valueRequired":true,"valueName":"search_term_string"}}],"inLanguage":"fr-FR"}]}},"_links":{"self":[{"href":"https:\/\/visitalessandria.it\/fr\/wp-json\/wp\/v2\/pages\/879","targetHints":{"allow":["GET"]}}],"collection":[{"href":"https:\/\/visitalessandria.it\/fr\/wp-json\/wp\/v2\/pages"}],"about":[{"href":"https:\/\/visitalessandria.it\/fr\/wp-json\/wp\/v2\/types\/page"}],"author":[{"embeddable":true,"href":"https:\/\/visitalessandria.it\/fr\/wp-json\/wp\/v2\/users\/1"}],"replies":[{"embeddable":true,"href":"https:\/\/visitalessandria.it\/fr\/wp-json\/wp\/v2\/comments?post=879"}],"version-history":[{"count":0,"href":"https:\/\/visitalessandria.it\/fr\/wp-json\/wp\/v2\/pages\/879\/revisions"}],"wp:attachment":[{"href":"https:\/\/visitalessandria.it\/fr\/wp-json\/wp\/v2\/media?parent=879"}],"curies":[{"name":"wp","href":"https:\/\/api.w.org\/{rel}","templated":true}]}}